{"id":159,"date":"2025-05-25T17:38:53","date_gmt":"2025-05-25T15:38:53","guid":{"rendered":"http:\/\/aldoboxingclub.fr\/?page_id=159"},"modified":"2025-08-16T15:55:04","modified_gmt":"2025-08-16T13:55:04","slug":"infos-pratiques","status":"publish","type":"page","link":"https:\/\/aldoboxingclub.fr\/index.php\/infos-pratiques\/","title":{"rendered":"Infos Pratiques"},"content":{"rendered":"\n<p><strong>Le club est ouvert de septembre \u00e0 juin, y compris durant les vacances scolaires.<\/strong><br><\/p>\n\n\n\n<p><strong>Le tarif<\/strong><br>Tout compris, le cout est de 270 \u20ac, licence \u00ab\u00a0boxe loisirs\u00a0\u00bb comprise. Lors de l&rsquo;inscription, Il faut remplir une demande de licence, qui procure une assurance au pratiquant.<br><strong>Le materiel<\/strong><br>La pratique de la boxe ne n\u00e9cessite pas beaucoup de mat\u00e9riels sp\u00e9cifiques: un short ou un pantalon de surv\u00eat, un tee-shirt et de bonnes baskets, une paire de gants de boxe (14 ou 16 oz minimum, a partir de 50\u20ac), des bandes de protection pour les mains (environ 6 \u20ac) Un prot\u00e8ge dents (qui&rsquo;il ne faut pas oublier de mouler \u00e0 sa m\u00e2choire avant la 1ere utilisation), environ 6 \u20ac.<br>On peut trouver ces accessoires dans des magasins genre DECATHLON ou GOSPORT, ou des magasins ind\u00e9pendants.<br>Les casques de protection sont fournis par le club, mais <strong>il est tr\u00e8s recommand\u00e9<\/strong> d&rsquo;en avoir un personnel, bien adapt\u00e9 \u00e0 sa taille&#8230;<br><br><strong>ATTENTION ! Il n&rsquo;y a pas de cours d&rsquo;essai pour les nouveaux adherents, pour des raisons d&rsquo;assurance. Par contre, tout le monde est bienvenu pour assister \u00e0 un entrainement et se faire son id\u00e9e !<\/strong><\/p>\n","protected":false},"excerpt":{"rendered":"<p>Le club est ouvert de septembre \u00e0 juin, y compris durant les vacances scolaires. Le tarifTout compris, le cout est de 270 \u20ac, licence \u00ab\u00a0boxe loisirs\u00a0\u00bb comprise. Lors de l&rsquo;inscription, Il faut remplir une demande de licence, qui procure une assurance au pratiquant.Le materielLa pratique de la boxe ne n\u00e9cessite pas beaucoup de mat\u00e9riels sp\u00e9cifiques: [&hellip;]<\/p>\n","protected":false},"author":1,"featured_media":0,"parent":0,"menu_order":0,"comment_status":"closed","ping_status":"closed","template":"","meta":{"ngg_post_thumbnail":0,"footnotes":""},"class_list":["post-159","page","type-page","status-publish","hentry"],"yoast_head":"<!-- This site is optimized with the Yoast SEO plugin v26.9 - https:\/\/yoast.com\/product\/yoast-seo-wordpress\/ -->\n<title>Infos Pratiques - ALDOBOXINGCLUB<\/title>\n<meta name=\"robots\" content=\"index, follow, max-snippet:-1, max-image-preview:large, max-video-preview:-1\" \/>\n<link rel=\"canonical\" href=\"https:\/\/aldoboxingclub.fr\/index.php\/infos-pratiques\/\" \/>\n<meta property=\"og:locale\" content=\"fr_FR\" \/>\n<meta property=\"og:type\" content=\"article\" \/>\n<meta property=\"og:title\" content=\"Infos Pratiques - ALDOBOXINGCLUB\" \/>\n<meta property=\"og:description\" content=\"Le club est ouvert de septembre \u00e0 juin, y compris durant les vacances scolaires. Le tarifTout compris, le cout est de 270 \u20ac, licence \u00ab\u00a0boxe loisirs\u00a0\u00bb comprise. Lors de l&rsquo;inscription, Il faut remplir une demande de licence, qui procure une assurance au pratiquant.Le materielLa pratique de la boxe ne n\u00e9cessite pas beaucoup de mat\u00e9riels sp\u00e9cifiques: [&hellip;]\" \/>\n<meta property=\"og:url\" content=\"https:\/\/aldoboxingclub.fr\/index.php\/infos-pratiques\/\" \/>\n<meta property=\"og:site_name\" content=\"ALDOBOXINGCLUB\" \/>\n<meta property=\"article:modified_time\" content=\"2025-08-16T13:55:04+00:00\" \/>\n<meta name=\"twitter:card\" content=\"summary_large_image\" \/>\n<meta name=\"twitter:label1\" content=\"Dur\u00e9e de lecture estim\u00e9e\" \/>\n\t<meta name=\"twitter:data1\" content=\"1 minute\" \/>\n<script type=\"application\/ld+json\" class=\"yoast-schema-graph\">{\"@context\":\"https:\/\/schema.org\",\"@graph\":[{\"@type\":\"WebPage\",\"@id\":\"https:\/\/aldoboxingclub.fr\/index.php\/infos-pratiques\/\",\"url\":\"https:\/\/aldoboxingclub.fr\/index.php\/infos-pratiques\/\",\"name\":\"Infos Pratiques - ALDOBOXINGCLUB\",\"isPartOf\":{\"@id\":\"https:\/\/aldoboxingclub.fr\/#website\"},\"datePublished\":\"2025-05-25T15:38:53+00:00\",\"dateModified\":\"2025-08-16T13:55:04+00:00\",\"breadcrumb\":{\"@id\":\"https:\/\/aldoboxingclub.fr\/index.php\/infos-pratiques\/#breadcrumb\"},\"inLanguage\":\"fr-FR\",\"potentialAction\":[{\"@type\":\"ReadAction\",\"target\":[\"https:\/\/aldoboxingclub.fr\/index.php\/infos-pratiques\/\"]}]},{\"@type\":\"BreadcrumbList\",\"@id\":\"https:\/\/aldoboxingclub.fr\/index.php\/infos-pratiques\/#breadcrumb\",\"itemListElement\":[{\"@type\":\"ListItem\",\"position\":1,\"name\":\"Accueil\",\"item\":\"https:\/\/aldoboxingclub.fr\/\"},{\"@type\":\"ListItem\",\"position\":2,\"name\":\"Infos Pratiques\"}]},{\"@type\":\"WebSite\",\"@id\":\"https:\/\/aldoboxingclub.fr\/#website\",\"url\":\"https:\/\/aldoboxingclub.fr\/\",\"name\":\"ALDOBOXINGCLUB\",\"description\":\"Boxe amateur \u00e0 Paris.\",\"publisher\":{\"@id\":\"https:\/\/aldoboxingclub.fr\/#organization\"},\"potentialAction\":[{\"@type\":\"SearchAction\",\"target\":{\"@type\":\"EntryPoint\",\"urlTemplate\":\"https:\/\/aldoboxingclub.fr\/?s={search_term_string}\"},\"query-input\":{\"@type\":\"PropertyValueSpecification\",\"valueRequired\":true,\"valueName\":\"search_term_string\"}}],\"inLanguage\":\"fr-FR\"},{\"@type\":\"Organization\",\"@id\":\"https:\/\/aldoboxingclub.fr\/#organization\",\"name\":\"ALDOBOXINGCLUB\",\"url\":\"https:\/\/aldoboxingclub.fr\/\",\"logo\":{\"@type\":\"ImageObject\",\"inLanguage\":\"fr-FR\",\"@id\":\"https:\/\/aldoboxingclub.fr\/#\/schema\/logo\/image\/\",\"url\":\"https:\/\/aldoboxingclub.fr\/wp-content\/uploads\/2025\/06\/cropped-AldoBoxingClubLogoLong.png\",\"contentUrl\":\"https:\/\/aldoboxingclub.fr\/wp-content\/uploads\/2025\/06\/cropped-AldoBoxingClubLogoLong.png\",\"width\":1145,\"height\":672,\"caption\":\"ALDOBOXINGCLUB\"},\"image\":{\"@id\":\"https:\/\/aldoboxingclub.fr\/#\/schema\/logo\/image\/\"},\"sameAs\":[\"https:\/\/www.instagram.com\/aldoboxingclub\/\"]}]}<\/script>\n<!-- \/ Yoast SEO plugin. -->","yoast_head_json":{"title":"Infos Pratiques - ALDOBOXINGCLUB","robots":{"index":"index","follow":"follow","max-snippet":"max-snippet:-1","max-image-preview":"max-image-preview:large","max-video-preview":"max-video-preview:-1"},"canonical":"https:\/\/aldoboxingclub.fr\/index.php\/infos-pratiques\/","og_locale":"fr_FR","og_type":"article","og_title":"Infos Pratiques - ALDOBOXINGCLUB","og_description":"Le club est ouvert de septembre \u00e0 juin, y compris durant les vacances scolaires. Le tarifTout compris, le cout est de 270 \u20ac, licence \u00ab\u00a0boxe loisirs\u00a0\u00bb comprise. Lors de l&rsquo;inscription, Il faut remplir une demande de licence, qui procure une assurance au pratiquant.Le materielLa pratique de la boxe ne n\u00e9cessite pas beaucoup de mat\u00e9riels sp\u00e9cifiques: [&hellip;]","og_url":"https:\/\/aldoboxingclub.fr\/index.php\/infos-pratiques\/","og_site_name":"ALDOBOXINGCLUB","article_modified_time":"2025-08-16T13:55:04+00:00","twitter_card":"summary_large_image","twitter_misc":{"Dur\u00e9e de lecture estim\u00e9e":"1 minute"},"schema":{"@context":"https:\/\/schema.org","@graph":[{"@type":"WebPage","@id":"https:\/\/aldoboxingclub.fr\/index.php\/infos-pratiques\/","url":"https:\/\/aldoboxingclub.fr\/index.php\/infos-pratiques\/","name":"Infos Pratiques - ALDOBOXINGCLUB","isPartOf":{"@id":"https:\/\/aldoboxingclub.fr\/#website"},"datePublished":"2025-05-25T15:38:53+00:00","dateModified":"2025-08-16T13:55:04+00:00","breadcrumb":{"@id":"https:\/\/aldoboxingclub.fr\/index.php\/infos-pratiques\/#breadcrumb"},"inLanguage":"fr-FR","potentialAction":[{"@type":"ReadAction","target":["https:\/\/aldoboxingclub.fr\/index.php\/infos-pratiques\/"]}]},{"@type":"BreadcrumbList","@id":"https:\/\/aldoboxingclub.fr\/index.php\/infos-pratiques\/#breadcrumb","itemListElement":[{"@type":"ListItem","position":1,"name":"Accueil","item":"https:\/\/aldoboxingclub.fr\/"},{"@type":"ListItem","position":2,"name":"Infos Pratiques"}]},{"@type":"WebSite","@id":"https:\/\/aldoboxingclub.fr\/#website","url":"https:\/\/aldoboxingclub.fr\/","name":"ALDOBOXINGCLUB","description":"Boxe amateur \u00e0 Paris.","publisher":{"@id":"https:\/\/aldoboxingclub.fr\/#organization"},"potentialAction":[{"@type":"SearchAction","target":{"@type":"EntryPoint","urlTemplate":"https:\/\/aldoboxingclub.fr\/?s={search_term_string}"},"query-input":{"@type":"PropertyValueSpecification","valueRequired":true,"valueName":"search_term_string"}}],"inLanguage":"fr-FR"},{"@type":"Organization","@id":"https:\/\/aldoboxingclub.fr\/#organization","name":"ALDOBOXINGCLUB","url":"https:\/\/aldoboxingclub.fr\/","logo":{"@type":"ImageObject","inLanguage":"fr-FR","@id":"https:\/\/aldoboxingclub.fr\/#\/schema\/logo\/image\/","url":"https:\/\/aldoboxingclub.fr\/wp-content\/uploads\/2025\/06\/cropped-AldoBoxingClubLogoLong.png","contentUrl":"https:\/\/aldoboxingclub.fr\/wp-content\/uploads\/2025\/06\/cropped-AldoBoxingClubLogoLong.png","width":1145,"height":672,"caption":"ALDOBOXINGCLUB"},"image":{"@id":"https:\/\/aldoboxingclub.fr\/#\/schema\/logo\/image\/"},"sameAs":["https:\/\/www.instagram.com\/aldoboxingclub\/"]}]}},"jetpack_sharing_enabled":true,"_links":{"self":[{"href":"https:\/\/aldoboxingclub.fr\/index.php\/wp-json\/wp\/v2\/pages\/159","targetHints":{"allow":["GET"]}}],"collection":[{"href":"https:\/\/aldoboxingclub.fr\/index.php\/wp-json\/wp\/v2\/pages"}],"about":[{"href":"https:\/\/aldoboxingclub.fr\/index.php\/wp-json\/wp\/v2\/types\/page"}],"author":[{"embeddable":true,"href":"https:\/\/aldoboxingclub.fr\/index.php\/wp-json\/wp\/v2\/users\/1"}],"replies":[{"embeddable":true,"href":"https:\/\/aldoboxingclub.fr\/index.php\/wp-json\/wp\/v2\/comments?post=159"}],"version-history":[{"count":5,"href":"https:\/\/aldoboxingclub.fr\/index.php\/wp-json\/wp\/v2\/pages\/159\/revisions"}],"predecessor-version":[{"id":420,"href":"https:\/\/aldoboxingclub.fr\/index.php\/wp-json\/wp\/v2\/pages\/159\/revisions\/420"}],"wp:attachment":[{"href":"https:\/\/aldoboxingclub.fr\/index.php\/wp-json\/wp\/v2\/media?parent=159"}],"curies":[{"name":"wp","href":"https:\/\/api.w.org\/{rel}","templated":true}]}}